{"id":7551,"date":"2024-03-15T09:02:08","date_gmt":"2024-03-15T08:02:08","guid":{"rendered":"https:\/\/solfy.net\/clientes\/"},"modified":"2024-05-08T17:34:52","modified_gmt":"2024-05-08T15:34:52","slug":"clients","status":"publish","type":"page","link":"https:\/\/solfy.net\/ca\/clients\/","title":{"rendered":"Clients Solfy"},"content":{"rendered":"\n<div class=\"wp-block-group uk-section uk-overflow-hidden is-layout-constrained wp-block-group-is-layout-constrained\">\n<div class=\"wp-block-group uk-container uk-container-large is-layout-constrained wp-block-group-is-layout-constrained\">\n<div class=\"wp-block-columns is-layout-flex wp-container-core-columns-is-layout-9d6595d7 wp-block-columns-is-layout-flex\">\n<div class=\"wp-block-column is-layout-flow wp-block-column-is-layout-flow\" style=\"flex-basis:75%\">\n<h3 class=\"wp-block-heading uk-margin-medium\"><strong>Pregunts freq\u00fcents<\/strong><\/h3>\n\n\n\n<section class=\"genesis-custom-block  block-faqs-accordion block-clean-accordion  uk-position-relative uk-position-z-index\">\n    <ul uk-accordion>\n                            <li><a href=\"\" class=\"uk-accordion-title\"><h3>Per qu\u00e8 usar l'energia solar per a produir electricitat?<\/h3><\/a>\n                    <div class=\"uk-accordion-content\">Cada dia arriba al planeta energia suficient com per a subministrar a tothom durant un any. I, a difer\u00e8ncia dels combustibles f\u00f2ssils, aquest tipus d'energia permet reduir considerablement la factura de la llum i ser m\u00e9s independent de la xarxa p\u00fablica. Aix\u00f2 la converteix en una soluci\u00f3 molt rendible i en una inversi\u00f3 a llarg termini.\n\nPer\u00f2 a m\u00e9s, gr\u00e0cies a ella, podem reduir notablement la petjada ecol\u00f2gica. No allibera emissions perilloses de di\u00f2xid de carboni (CO\u2082). Amb la qual cosa, estar\u00edem ajudant a prevenir danys al medi ambient i a alentir el canvi clim\u00e0tic.<\/div><\/li>\n                                        <li><a href=\"\" class=\"uk-accordion-title\"><h3>Quines s\u00f3n les avaries m\u00e9s comunes que poden afectar les plaques solars?<\/h3><\/a>\n                    <div class=\"uk-accordion-content\">Les avaries m\u00e9s comunes en les plaques solars inclouen l'acumulaci\u00f3 de brut\u00edcia, l'ombreig, fallades en les connexions el\u00e8ctriques, problemes en els d\u00edodes de bypass i la deterioraci\u00f3 del revestiment anti-reflector.<\/div><\/li>\n                                        <li><a href=\"\" class=\"uk-accordion-title\"><h3>Com identificar i solucionar avaries en les plaques solars?<\/h3><\/a>\n                    <div class=\"uk-accordion-content\"><ul>\n <li><strong>Acumulaci\u00f3 de brut\u00edcia:<\/strong> Neta regularment les plaques amb aigua i un detergent suau per a mantenir la seva efici\u00e8ncia.\n <li><strong>Ombreig:<\/strong> Reubica les plaques per a evitar zones ombrejades o utilitza microinversors per a minimitzar l'impacte.\n <li><strong>Fallades en connexions el\u00e8ctriques:<\/strong> Revisa regularment les connexions i reempla\u00e7a cables danyats.\n <li><strong>D\u00edodes de bypass defectuosos:<\/strong> Consulta a un expert per a la seva revisi\u00f3 i possible reparaci\u00f3.\n <li><strong>Deterioraci\u00f3 del revestiment anti-reflector:<\/strong> Consulta al fabricant per a saber si \u00e9s possible reparar o reempla\u00e7ar la placa.\n<\/ul><\/div><\/li>\n                                        <li><a href=\"\" class=\"uk-accordion-title\"><h3>Quines mesures de prevenci\u00f3 es poden prendre per a evitar avaries en les plaques solars?<\/h3><\/a>\n                    <div class=\"uk-accordion-content\"><ul>\n <li>Realitza un bon manteniment regularment.\n <li>Revisa les connexions el\u00e8ctriques.\n <li>Evita l'acumulaci\u00f3 de brut\u00edcia i ombreig.\n <li>Consulta a professionals davant qualsevol problema detectat.\n <\/ul><\/div><\/li>\n                                        <li><a href=\"\" class=\"uk-accordion-title\"><h3>Quins s\u00f3n els errors m\u00e9s comuns en la instal\u00b7laci\u00f3 de panells solars?<\/h3><\/a>\n                    <div class=\"uk-accordion-content\">Alguns errors freq\u00fcents en la instal\u00b7laci\u00f3 inclouen el mal disseny, sobredimensionament, instal\u00b7laci\u00f3 en ombres parcials, mala ubicaci\u00f3 de les plaques, exageraci\u00f3 en la inclinaci\u00f3, mal ancoratge dels panells i mesurament incorrecte de la dist\u00e0ncia entre m\u00f2duls.<\/div><\/li>\n                                        <li><a href=\"\" class=\"uk-accordion-title\"><h3>Quins problemes habituals poden sorgir amb els panells solars?<\/h3><\/a>\n                    <div class=\"uk-accordion-content\">Els problemes habituals inclouen problemes en la teulada, microesquerdes i punts calents. Realitzar un bon manteniment i estar atent a aquests problemes \u00e9s clau per a mantenir el sistema funcionant correctament.<\/div><\/li>\n                        <\/ul>\n<\/section>\n\n\n<div style=\"height:60px\" aria-hidden=\"true\" class=\"wp-block-spacer\"><\/div>\n\n\n\n<div class=\"wp-block-columns is-layout-flex wp-container-core-columns-is-layout-9d6595d7 wp-block-columns-is-layout-flex\">\n<div class=\"wp-block-column is-layout-flow wp-block-column-is-layout-flow\">\n<h3 class=\"wp-block-heading uk-margin-medium\">Informar d'una incid\u00e8ncia<\/h3>\n\n\n\n<p>Tel\u00e8fon servei atenci\u00f3 al client<\/p>\n\n\n\n<p class=\"has-small-font-size\"><strong><a href=\"tel:\/\/+34613724124\" rel=\"nofollow\">+34 613 72 41 24<\/a><\/strong><\/p>\n\n\n\n<p>Cliqueu per obrir el formulari d'incid\u00e8ncies:<\/p>\n\n\n\n<div class=\"wp-block-buttons is-layout-flex wp-block-buttons-is-layout-flex\">\n<div class=\"wp-block-button solfy-button\" uk-icon=\"\" uk-toggle=\"target: #form_incidencias\"><a class=\"wp-block-button__link wp-element-button\" href=\"#form_incidencias\"><span uk-icon=\"icon:warning\" style=\"margin-right:5px\"><\/span> Formulari incidencia<\/a><\/div>\n<\/div>\n<\/div>\n\n\n\n<div class=\"wp-block-column is-layout-flow wp-block-column-is-layout-flow\">\n<h3 class=\"wp-block-heading\">Sol\u00b7licitud de documentaci\u00f3<\/h3>\n\n\n\n<p>Per a la sol\u00b7licitar tramitacions i consultes sobre:<\/p>\n\n\n\n<ul class=\"wp-block-list\">\n<li>Permisos d'obra<\/li>\n\n\n\n<li>Legalizacions d'industria<\/li>\n\n\n\n<li>Sol\u00b7licituts IBI i\/o ajuts<\/li>\n<\/ul>\n\n\n\n<div class=\"wp-block-buttons is-layout-flex wp-block-buttons-is-layout-flex\">\n<div class=\"wp-block-button solfy-button solfy-button-ghost solfy-button-ghost-blue\" uk-toggle=\"target: #form_documentacion\"><a class=\"wp-block-button__link wp-element-button\" href=\"#form_documentacion\"><span uk-icon=\"icon: file-text\n\" style=\"margin-right:5px\"><\/span> Sol\u00b7licitut de documentaci\u00f3<\/a><\/div>\n<\/div>\n<\/div>\n<\/div>\n<\/div>\n\n\n\n<div class=\"wp-block-column is-layout-flow wp-block-column-is-layout-flow\" style=\"flex-basis:25%\">\n<div class=\"wp-block-group downloads-list is-layout-constrained wp-block-group-is-layout-constrained\"><aside id=\"myblock1156\" data-cat=\"unifamiliar\" class=\"genesis-custom-block  block-card-rounded   block-card-rounded--expand-img   uk-position-relative uk-position-z-index transorigin-center\">\n        \n\n<h3 class=\"wp-block-heading uk-margin-medium\"><strong>Descarga de manuales<\/strong><\/h3>\n\n\n\n<p class=\"has-small-font-size\"><span uk-icon=\"icon:file-pdf;ratio:1.5\"><\/span><strong> <a href=\"https:\/\/solfy.net\/wp-content\/uploads\/2024\/04\/Instrucciones.pdf\">Instrucciones para reinicio de dispositivos Goodwe<\/a><\/strong><\/p>\n\n\n\n<p class=\"has-small-font-size\"><span uk-icon=\"icon:file-pdf;ratio:1.5\"><\/span><strong> <a href=\"https:\/\/solfy.net\/wp-content\/uploads\/2024\/04\/Manual-Solfy.pdf\">Manual de conexi\u00f3n SEMS PORTAL<\/a><\/strong><\/p>\n\n\n\n<p class=\"has-small-font-size\"><span uk-icon=\"icon:file-pdf;ratio:1.5\"><\/span><strong> <a href=\"https:\/\/solfy.net\/wp-content\/uploads\/2024\/04\/Envoy.pdf\">Instrucciones de conexi\u00f3n a internet dispositivos Enphase<\/a><\/strong><\/p>\n\n        <\/aside>\n<\/div>\n<\/div>\n<\/div>\n<\/div>\n<\/div>\n\n\n\n<div id=\"form_incidencias\" class=\"wp-block-group uk-modal is-layout-constrained wp-block-group-is-layout-constrained\" uk-modal=\"\">\n<div class=\"wp-block-group uk-modal-dialog is-layout-constrained wp-block-group-is-layout-constrained\">\n<button class=\"uk-modal-close-default\" type=\"button\" uk-close><\/button>\n<div class=\"uk-modal-body\">\n<h3>Apertura d'incid\u00e8ncia<\/h3>\n\n<script data-cfasync=\"false\" src=\"\/cdn-cgi\/scripts\/5c5dd728\/cloudflare-static\/email-decode.min.js\"><\/script><script charset=\"utf-8\" type=\"text\/javascript\" src=\"\/\/js-eu1.hsforms.net\/forms\/embed\/v2.js\"><\/script>\n<script>\n  hbspt.forms.create({\n    region: \"eu1\",\n    portalId: \"25532093\",\n    formId: \"844d3cbf-5f97-4ac0-b128-095a69fed0b1\"\n  });\n<\/script>\n<\/div>\n<\/div>\n<\/div>\n\n\n\n<div id=\"form_documentacion\" class=\"wp-block-group uk-modal is-layout-constrained wp-block-group-is-layout-constrained\" uk-modal=\"\">\n<div class=\"wp-block-group uk-modal-dialog is-layout-constrained wp-block-group-is-layout-constrained\">\n<button class=\"uk-modal-close-default\" type=\"button\" uk-close><\/button>\n<div class=\"uk-modal-body\">\n<h3>Sol\u00b7licitut de documentaci\u00f3<\/h3>\n<p>Per a la sol\u00b7licitar tramitacions i consultes sobre:<\/p>\n<ul><li>Permisos d'e obra\n<li>Legalizacions d'industria\n<li>Sol\u00b7licituts IBI i\/o ajuts\n<\/ul>\n<p>H\u00e1ganoslo saber mediante el siguiente formulario:<\/p>\n<script charset=\"utf-8\" type=\"text\/javascript\" src=\"\/\/js-eu1.hsforms.net\/forms\/embed\/v2.js\"><\/script>\n<script>\n  hbspt.forms.create({\n    region: \"eu1\",\n    portalId: \"25532093\",\n    formId: \"6abc1951-0995-44d0-8ef5-edad08dc9d3c\"\n  });\n<\/script>\n<\/div>\n<\/div>\n<\/div>\n","protected":false},"excerpt":{"rendered":"<p>Pregunts freq\u00fcents Informar d&#8217;una incid\u00e8ncia Tel\u00e8fon servei atenci\u00f3 al client +34 613 72 41 24 Cliqueu per obrir el formulari d&#8217;incid\u00e8ncies: Sol\u00b7licitud de documentaci\u00f3 Per a la sol\u00b7licitar tramitacions i consultes sobre: Apertura d&#8217;incid\u00e8ncia Sol\u00b7licitut de documentaci\u00f3 Per a la sol\u00b7licitar tramitacions i consultes sobre: Permisos d&#8217;e obra Legalizacions d&#8217;industria Sol\u00b7licituts IBI i\/o ajuts H\u00e1ganoslo &#8230; <a title=\"Clients Solfy\" class=\"read-more\" href=\"https:\/\/solfy.net\/ca\/clients\/\" aria-label=\"M\u00e9s informaci\u00f3 sobre Clients Solfy\">Llegiu m\u00e9s<\/a><\/p>\n","protected":false},"author":3,"featured_media":6447,"parent":0,"menu_order":0,"comment_status":"closed","ping_status":"closed","template":"","meta":{"content-type":"","_mbp_gutenberg_autopost":false,"footnotes":""},"class_list":["post-7551","page","type-page","status-publish","has-post-thumbnail"],"_links":{"self":[{"href":"https:\/\/solfy.net\/ca\/wp-json\/wp\/v2\/pages\/7551","targetHints":{"allow":["GET"]}}],"collection":[{"href":"https:\/\/solfy.net\/ca\/wp-json\/wp\/v2\/pages"}],"about":[{"href":"https:\/\/solfy.net\/ca\/wp-json\/wp\/v2\/types\/page"}],"author":[{"embeddable":true,"href":"https:\/\/solfy.net\/ca\/wp-json\/wp\/v2\/users\/3"}],"replies":[{"embeddable":true,"href":"https:\/\/solfy.net\/ca\/wp-json\/wp\/v2\/comments?post=7551"}],"version-history":[{"count":3,"href":"https:\/\/solfy.net\/ca\/wp-json\/wp\/v2\/pages\/7551\/revisions"}],"predecessor-version":[{"id":7557,"href":"https:\/\/solfy.net\/ca\/wp-json\/wp\/v2\/pages\/7551\/revisions\/7557"}],"wp:featuredmedia":[{"embeddable":true,"href":"https:\/\/solfy.net\/ca\/wp-json\/wp\/v2\/media\/6447"}],"wp:attachment":[{"href":"https:\/\/solfy.net\/ca\/wp-json\/wp\/v2\/media?parent=7551"}],"curies":[{"name":"wp","href":"https:\/\/api.w.org\/{rel}","templated":true}]}}